{"id":4218,"date":"2018-10-03T08:46:46","date_gmt":"2018-10-03T11:46:46","guid":{"rendered":"https:\/\/deltasge.com.br\/site\/?page_id=4218"},"modified":"2018-10-03T08:46:46","modified_gmt":"2018-10-03T11:46:46","slug":"orcamento-escolar-e-sua-importancia","status":"publish","type":"page","link":"https:\/\/deltasge.com.br\/site\/orcamento-escolar-e-sua-importancia\/","title":{"rendered":"Or\u00e7amento escolar e sua import\u00e2ncia nas institui\u00e7\u00f5es de ensino"},"content":{"rendered":"","protected":false},"excerpt":{"rendered":"","protected":false},"author":5,"featured_media":0,"parent":0,"menu_order":0,"comment_status":"open","ping_status":"open","template":"","meta":{"_eb_attr":"","footnotes":""},"yst_prominent_words":[],"class_list":["post-4218","page","type-page","status-publish","hentry"],"acf":[],"_links":{"self":[{"href":"https:\/\/deltasge.com.br\/site\/wp-json\/wp\/v2\/pages\/4218","targetHints":{"allow":["GET"]}}],"collection":[{"href":"https:\/\/deltasge.com.br\/site\/wp-json\/wp\/v2\/pages"}],"about":[{"href":"https:\/\/deltasge.com.br\/site\/wp-json\/wp\/v2\/types\/page"}],"author":[{"embeddable":true,"href":"https:\/\/deltasge.com.br\/site\/wp-json\/wp\/v2\/users\/5"}],"replies":[{"embeddable":true,"href":"https:\/\/deltasge.com.br\/site\/wp-json\/wp\/v2\/comments?post=4218"}],"version-history":[{"count":0,"href":"https:\/\/deltasge.com.br\/site\/wp-json\/wp\/v2\/pages\/4218\/revisions"}],"wp:attachment":[{"href":"https:\/\/deltasge.com.br\/site\/wp-json\/wp\/v2\/media?parent=4218"}],"wp:term":[{"taxonomy":"yst_prominent_words","embeddable":true,"href":"https:\/\/deltasge.com.br\/site\/wp-json\/wp\/v2\/yst_prominent_words?post=4218"}],"curies":[{"name":"wp","href":"https:\/\/api.w.org\/{rel}","templated":true}]}}