{"id":3456,"date":"2018-06-12T14:18:29","date_gmt":"2018-06-12T17:18:29","guid":{"rendered":"https:\/\/deltasge.com.br\/site\/?page_id=3456"},"modified":"2018-06-12T14:18:29","modified_gmt":"2018-06-12T17:18:29","slug":"software-de-gestao-escolar-automacao-escolar","status":"publish","type":"page","link":"https:\/\/deltasge.com.br\/site\/software-de-gestao-escolar-automacao-escolar\/","title":{"rendered":"Software de Gest\u00e3o Escolar &#8211; Automa\u00e7\u00e3o de Processos na Escola"},"content":{"rendered":"","protected":false},"excerpt":{"rendered":"","protected":false},"author":5,"featured_media":0,"parent":0,"menu_order":0,"comment_status":"open","ping_status":"open","template":"","meta":{"_eb_attr":"","footnotes":""},"yst_prominent_words":[],"class_list":["post-3456","page","type-page","status-publish","hentry"],"acf":[],"_links":{"self":[{"href":"https:\/\/deltasge.com.br\/site\/wp-json\/wp\/v2\/pages\/3456","targetHints":{"allow":["GET"]}}],"collection":[{"href":"https:\/\/deltasge.com.br\/site\/wp-json\/wp\/v2\/pages"}],"about":[{"href":"https:\/\/deltasge.com.br\/site\/wp-json\/wp\/v2\/types\/page"}],"author":[{"embeddable":true,"href":"https:\/\/deltasge.com.br\/site\/wp-json\/wp\/v2\/users\/5"}],"replies":[{"embeddable":true,"href":"https:\/\/deltasge.com.br\/site\/wp-json\/wp\/v2\/comments?post=3456"}],"version-history":[{"count":0,"href":"https:\/\/deltasge.com.br\/site\/wp-json\/wp\/v2\/pages\/3456\/revisions"}],"wp:attachment":[{"href":"https:\/\/deltasge.com.br\/site\/wp-json\/wp\/v2\/media?parent=3456"}],"wp:term":[{"taxonomy":"yst_prominent_words","embeddable":true,"href":"https:\/\/deltasge.com.br\/site\/wp-json\/wp\/v2\/yst_prominent_words?post=3456"}],"curies":[{"name":"wp","href":"https:\/\/api.w.org\/{rel}","templated":true}]}}