{"id":3414,"date":"2018-06-07T10:05:19","date_gmt":"2018-06-07T13:05:19","guid":{"rendered":"https:\/\/deltasge.com.br\/site\/?page_id=3414"},"modified":"2018-06-07T10:06:17","modified_gmt":"2018-06-07T13:06:17","slug":"software-de-gestao-escolar-comunicacao-pais","status":"publish","type":"page","link":"https:\/\/deltasge.com.br\/site\/software-de-gestao-escolar-comunicacao-pais\/","title":{"rendered":"Software de Gest\u00e3o Escolar &#8211; Comunica\u00e7\u00e3o e satisfa\u00e7\u00e3o de Pais"},"content":{"rendered":"","protected":false},"excerpt":{"rendered":"","protected":false},"author":5,"featured_media":0,"parent":0,"menu_order":0,"comment_status":"open","ping_status":"open","template":"","meta":{"_eb_attr":"","footnotes":""},"yst_prominent_words":[],"class_list":["post-3414","page","type-page","status-publish","hentry"],"acf":[],"_links":{"self":[{"href":"https:\/\/deltasge.com.br\/site\/wp-json\/wp\/v2\/pages\/3414","targetHints":{"allow":["GET"]}}],"collection":[{"href":"https:\/\/deltasge.com.br\/site\/wp-json\/wp\/v2\/pages"}],"about":[{"href":"https:\/\/deltasge.com.br\/site\/wp-json\/wp\/v2\/types\/page"}],"author":[{"embeddable":true,"href":"https:\/\/deltasge.com.br\/site\/wp-json\/wp\/v2\/users\/5"}],"replies":[{"embeddable":true,"href":"https:\/\/deltasge.com.br\/site\/wp-json\/wp\/v2\/comments?post=3414"}],"version-history":[{"count":0,"href":"https:\/\/deltasge.com.br\/site\/wp-json\/wp\/v2\/pages\/3414\/revisions"}],"wp:attachment":[{"href":"https:\/\/deltasge.com.br\/site\/wp-json\/wp\/v2\/media?parent=3414"}],"wp:term":[{"taxonomy":"yst_prominent_words","embeddable":true,"href":"https:\/\/deltasge.com.br\/site\/wp-json\/wp\/v2\/yst_prominent_words?post=3414"}],"curies":[{"name":"wp","href":"https:\/\/api.w.org\/{rel}","templated":true}]}}